{"id":2198,"date":"2018-06-23T18:22:28","date_gmt":"2018-06-23T16:22:28","guid":{"rendered":"http:\/\/www.kav-haldensleben.de\/?page_id=2198"},"modified":"2018-06-23T18:28:36","modified_gmt":"2018-06-23T16:28:36","slug":"datenschutzerklaerung","status":"publish","type":"page","link":"https:\/\/www.kav-haldensleben.de\/?page_id=2198","title":{"rendered":"Datenschutzerkl\u00e4rung"},"content":{"rendered":"<h2>Wer wir sind:<\/h2>\n<p>Kreisanglerverein Haldensleben e.V.<br \/>\nSiedlung 23<br \/>\n39356 H\u00f6rsingen<\/p>\n<p>Eingetragen im Vereinsregister.<br \/>\nRegistergericht:Amtsgericht Stendal<br \/>\nRegisternummer: VR 38142<\/p>\n<p>Die Adresse unserer Website ist: http:\/\/www.kav-haldensleben.de.<\/p>\n<h2>Welche personenbezogenen Daten wir sammeln und warum wir sie sammeln<\/h2>\n<p>Die Nutzung unserer Seite ist ohne eine Angabe von personenbezogenen Daten m\u00f6glich.<\/p>\n<h3>Kommentare<\/h3>\n<p>Wenn Besucher Kommentare auf der Website schreiben, sammeln wir die Daten, die im jeweiligen Formular angezeigt werden, au\u00dferdem die IP-Adresse des Besuchers und den User-Agent-String (damit wird der Browser identifiziert), um die Erkennung von Spam zu unterst\u00fctzen.<\/p>\n<p>Aus deiner E-Mail-Adresse kann eine anonymisierte Zeichenfolge erstellt (auch Hash genannt) und dem Gravatar-Dienst \u00fcbergeben werden, um zu pr\u00fcfen, ob du diesen benutzt. Die Datenschutzerkl\u00e4rung des Gravatar-Dienstes findest du hier: https:\/\/automattic.com\/privacy\/. Nachdem dein Kommentar freigegeben wurde, ist dein Profilbild \u00f6ffentlich im Kontext deines Kommentars sichtbar.<\/p>\n<h3>Medien<\/h3>\n<p>Wenn du ein registrierter Benutzer bist und Fotos auf diese Website l\u00e4dst, solltest du vermeiden, Fotos mit einem EXIF-GPS-Standort hochzuladen. Besucher dieser Website k\u00f6nnten Fotos, die auf dieser Website gespeichert sind, herunterladen und deren Standort-Informationen extrahieren.<\/p>\n<h3>Kontaktformulare<\/h3>\n<p>Alle erfassten Daten werden Dir in diesem Formular angezeigt. Diese sind nur zum internen Gebrauch bestimmt und werden nicht weiter gegeben. Sie werden nur f\u00fcr den Zeitraum gespeichert, der zur Bearbeitung der Nachricht notwendig ist.<\/p>\n<h3>Cookies<\/h3>\n<p>Wenn du einen Kommentar auf unserer Website schreibst, kann das eine Einwilligung sein, deinen Namen, E-Mail-Adresse und Website in Cookies zu speichern. Dies ist eine Komfortfunktion, damit du nicht, wenn du einen weiteren Kommentar schreibst, all diese Daten erneut eingeben musst. Diese Cookies werden ein Jahr lang gespeichert.<\/p>\n<p>Falls du ein Konto hast und dich auf dieser Website anmeldest, werden wir ein tempor\u00e4res Cookie setzen, um festzustellen, ob dein Browser Cookies akzeptiert. Dieses Cookie enth\u00e4lt keine personenbezogenen Daten und wird verworfen, wenn du deinen Browser schlie\u00dft.<\/p>\n<p>Wenn Du dich anmeldest, werden wir einige Cookies einrichten, um deine Anmeldeinformationen und Anzeigeoptionen zu speichern. Anmelde-Cookies verfallen nach zwei Tagen und Cookies f\u00fcr die Anzeigeoptionen nach einem Jahr. Falls du bei der Anmeldung \u201eAngemeldet bleiben\u201c ausw\u00e4hlst, wird deine Anmeldung zwei Wochen lang aufrechterhalten. Mit der Abmeldung aus deinem Konto werden die Anmelde-Cookies gel\u00f6scht.<\/p>\n<p>Wenn du einen Artikel bearbeitest oder ver\u00f6ffentlichst, wird ein zus\u00e4tzlicher Cookie in deinem Browser gespeichert. Dieser Cookie enth\u00e4lt keine personenbezogenen Daten und verweist nur auf die Beitrags-ID des Artikels, den du gerade bearbeitet hast. Der Cookie verf\u00e4llt nach einem Tag.<\/p>\n<h3>Eingebettete Inhalte von anderen Websites<\/h3>\n<p>Beitr\u00e4ge auf dieser Website k\u00f6nnen eingebettete Inhalte beinhalten (z.\u00a0B. Videos, Bilder, Beitr\u00e4ge etc.). Eingebettete Inhalte von anderen Websites verhalten sich exakt so, als ob der Besucher die andere Website besucht h\u00e4tte.<\/p>\n<p>Diese Websites k\u00f6nnen Daten \u00fcber dich sammeln, Cookies benutzen, zus\u00e4tzliche Tracking-Dienste von Dritten einbetten und deine Interaktion mit diesem eingebetteten Inhalt aufzeichnen, inklusive deiner Interaktion mit dem eingebetteten Inhalt, falls du ein Konto hast und auf dieser Website angemeldet bist.<\/p>\n<h3>Analysedienste<\/h3>\n<h2>Mit wem wir deine Daten teilen<\/h2>\n<p>Diese Website benutzt <a href=\"http:\/\/wordpress.org\/extend\/plugins\/stats\/\">WordPress.com-Stats<\/a>, ein Tool zur statistischen Auswertung der Besucherzugriffe, betrieben von <a href=\"http:\/\/automattic.com\">Automattic<\/a> Inc., 60 29th Street #343, San Francisco, CA 94110-4929, USA,\u00a0unter Einsatz der Trackingtechnologie von <a href=\"http:\/\/www.quantcast.com\">Quantcast<\/a> Inc.,\u00a0201 3rd St, Floor 2, San Francisco, CA 94103-3153, USA. WordPress.com-Stats\u00a0\u00a0verwendet sog. \u201eCookies\u201c, Textdateien, die auf Deinem Computer gespeichert werden und die eine Analyse der Benutzung der Website durch Dich erm\u00f6glichen. Die durch den Cookie erzeugten Informationen \u00fcber Deine Nutzung dieses Internetangebotes werden auf einem Server in den USA gespeichert.\u00a0Die IP-Adresse wird sofort nach der Verarbeitung und vor deren Speicherung anonymisiert. Du kannst die Installation der Cookies durch eine entsprechende Einstellung Ihrer Browser-Software verhindern; wir weisen Dich jedoch darauf hin, dass Du in diesem Fall gegebenenfalls nicht s\u00e4mtliche Funktionen dieser Website vollumf\u00e4nglich nutzen kannst. Du kannst der Erhebung und Nutzung der Daten durch Quantcast mit Wirkung f\u00fcr die Zukunft widersprechen, indem Du an dieser Stelle durch einen Klick auf den Link \u201eClick here to opt-out\u201c\u00a0ein Opt-Out-Cookie in Deinem Browser setzt: <a href=\"http:\/\/www.quantcast.com\/opt-out\">http:\/\/www.quantcast.com\/opt-out<\/a>.\u00a0Solltest Du alle Cookies auf Deinem Rechner l\u00f6schen, musst Du das Opt-Out-Cookie erneut setzen.<\/p>\n<h2>Wie lange wir deine Daten speichern<\/h2>\n<p>Wenn du einen Kommentar schreibst, wird dieser inklusive Metadaten zeitlich unbegrenzt gespeichert. Auf diese Art k\u00f6nnen wir Folgekommentare automatisch erkennen und freigeben, anstelle sie in einer Moderations-Warteschlange festzuhalten.<\/p>\n<p>F\u00fcr Benutzer, die sich auf unserer Website registrieren, speichern wir zus\u00e4tzlich die pers\u00f6nlichen Informationen, die sie in ihren Benutzerprofilen angeben. Alle Benutzer k\u00f6nnen jederzeit ihre pers\u00f6nlichen Informationen einsehen, ver\u00e4ndern oder l\u00f6schen (der Benutzername kann nicht ver\u00e4ndert werden). Administratoren der Website k\u00f6nnen diese Informationen ebenfalls einsehen und ver\u00e4ndern.<\/p>\n<h2>Welche Rechte du an deinen Daten hast<\/h2>\n<p>Wenn du ein Konto auf dieser Website besitzt oder Kommentare geschrieben hast, kannst du einen Export deiner personenbezogenen Daten bei uns anfordern, inklusive aller Daten, die du uns mitgeteilt hast. Dar\u00fcber hinaus kannst du die L\u00f6schung aller personenbezogenen Daten, die wir von dir gespeichert haben, anfordern. Dies umfasst nicht die Daten, die wir aufgrund administrativer, rechtlicher oder sicherheitsrelevanter Notwendigkeiten aufbewahren m\u00fcssen.<\/p>\n<h2>Wohin wir deine Daten senden<\/h2>\n<p>Besucher-Kommentare k\u00f6nnten von einem automatisierten Dienst zur Spam-Erkennung untersucht werden.<\/p>\n<h3 class=\"western\">OpenStreetMap<\/h3>\n<p>Wir weisen darauf hin, dass auch Karten der Anbieters \u201eOpenStreetMap.org\u201c eingesetzt werden (<a href=\"https:\/\/www.openstreetmap.de\/\" target=\"_blank\" rel=\"noopener\">https:\/\/www.openstreetmap.org<\/a>). Die rechtliche Grundlage bildet die Open Data Commons Open Database Lizenz (OdbL). Datenschutzerkl\u00e4rung der OpenStreetMap Foundation: <a href=\"https:\/\/wiki.openstreetmap.org\/wiki\/Privacy_Policy\" target=\"_blank\" rel=\"noopener\">https:\/\/wiki.openstreetmap.org\/wiki\/Privacy_Policy<\/a>.<\/p>\n<p>Unseren Informationen zu Folge, werden Deine Daten durch OpenStreetMap ausschlie\u00dflich zur Darstellung der Kartenfunktionen und Zwischenspeicherung von Einstellungen verwendet. Zu diesen Daten k\u00f6nnen IP-Adressen und Standortdaten geh\u00f6ren, die jedoch nicht ohne Deine Einwilligung, erhoben werden.<\/p>\n<p>Die Daten k\u00f6nnen unter anderem in den USA verarbeitet werden.<\/p>\n<h3>Google ReCaptcha<\/h3>\n<p>Wir nutzen Funktion zur Erkennung von Bots bei Eingaben in unseren Onlineformularen (&#8222;ReCaptcha&#8220;). Anbieter ist die Google LLC, 1600 Amphitheatre Parkway, Mountain View, CA 94043, USA, ein.<\/p>\n<p>Datenschutzerkl\u00e4rung: <a href=\"https:\/\/www.google.com\/policies\/privacy\/\" target=\"_blank\" rel=\"noopener\">https:\/\/www.google.com\/policies\/privacy\/<\/a><br \/>\nOpt-Out: <a href=\"https:\/\/adssettings.google.com\/authenticated\" target=\"_blank\" rel=\"noopener\">https:\/\/adssettings.google.com\/authenticated<\/a>.<\/p>\n<h2>Deine Kontakt-Informationen f\u00fcr Fragen oder f\u00fcr datenschutzrelevante Anliegen<\/h2>\n<p>Marcel Hoppe<br \/>\nOebisfelder Str. 6<br \/>\n39359 Calv\u00f6rde<br \/>\nE-Mail: marcelhoppe@online.de<br \/>\nmobile: +49 1577 2737110<\/p>\n<h2>Weitere Informationen<\/h2>\n<h3>Wie wir deine Daten sch\u00fctzen<\/h3>\n<p>Wir sammeln keine Daten, die wir zur kommerziellen Verwendung an dritte weiter geben. Alle erfassten Daten sind zu einem zweckm\u00e4\u00dfigen Betrieb der Webseite notwendig.<\/p>\n<h3>Welche Ma\u00dfnahmen wir bei Datenschutzverletzungen anbieten<\/h3>\n<p>Bei offensichtlichen Verst\u00f6\u00dfen kannst Du Dich an den o.g. genannten Kontakt wenden.<\/p>\n<h3>Von welchen Drittanbietern wir Daten erhalten<\/h3>\n<p>Wir erhalten nur anonyme Daten zur Besucherstatistik aus dem oben erw\u00e4hnten Tool <a href=\"http:\/\/wordpress.org\/extend\/plugins\/stats\/\">WordPress.com-Stats<\/a>.<\/p>\n<h3>Welche automatisierte Entscheidungsfindung und\/oder Profilerstellung wir mit Benutzerdaten durchf\u00fchren<\/h3>\n<p>Wir nutzen Deine Daten weder zur automatisierten Entscheidungsfindung, noch zu irgend einer Profilerstellung.<\/p>\n","protected":false},"excerpt":{"rendered":"<p>Wer wir sind: Kreisanglerverein Haldensleben e.V. Siedlung 23 39356 H\u00f6rsingen Eingetragen im Vereinsregister. Registergericht:Amtsgericht Stendal Registernummer: VR 38142 Die Adresse unserer Website ist: http:\/\/www.kav-haldensleben.de. Welche personenbezogenen Daten wir sammeln und warum wir sie sammeln Die Nutzung unserer Seite ist ohne &hellip; <a href=\"https:\/\/www.kav-haldensleben.de\/?page_id=2198\">Continue reading <span class=\"meta-nav\">&rarr;<\/span><\/a><\/p>\n","protected":false},"author":1,"featured_media":0,"parent":0,"menu_order":8,"comment_status":"closed","ping_status":"closed","template":"","meta":{"jetpack_post_was_ever_published":false,"footnotes":""},"jetpack_sharing_enabled":true,"jetpack_shortlink":"https:\/\/wp.me\/P4j728-zs","_links":{"self":[{"href":"https:\/\/www.kav-haldensleben.de\/index.php?rest_route=\/wp\/v2\/pages\/2198"}],"collection":[{"href":"https:\/\/www.kav-haldensleben.de\/index.php?rest_route=\/wp\/v2\/pages"}],"about":[{"href":"https:\/\/www.kav-haldensleben.de\/index.php?rest_route=\/wp\/v2\/types\/page"}],"author":[{"embeddable":true,"href":"https:\/\/www.kav-haldensleben.de\/index.php?rest_route=\/wp\/v2\/users\/1"}],"replies":[{"embeddable":true,"href":"https:\/\/www.kav-haldensleben.de\/index.php?rest_route=%2Fwp%2Fv2%2Fcomments&post=2198"}],"version-history":[{"count":1,"href":"https:\/\/www.kav-haldensleben.de\/index.php?rest_route=\/wp\/v2\/pages\/2198\/revisions"}],"predecessor-version":[{"id":2199,"href":"https:\/\/www.kav-haldensleben.de\/index.php?rest_route=\/wp\/v2\/pages\/2198\/revisions\/2199"}],"wp:attachment":[{"href":"https:\/\/www.kav-haldensleben.de\/index.php?rest_route=%2Fwp%2Fv2%2Fmedia&parent=2198"}],"curies":[{"name":"wp","href":"https:\/\/api.w.org\/{rel}","templated":true}]}}